{"id":21515,"date":"2026-03-19T21:15:13","date_gmt":"2026-03-19T20:15:13","guid":{"rendered":"https:\/\/proyectoart.com\/?page_id=21515"},"modified":"2026-03-19T21:19:18","modified_gmt":"2026-03-19T20:19:18","slug":"eating-disorders-in-men","status":"publish","type":"page","link":"https:\/\/proyectoart.com\/en\/what-do-we-treat\/eating-disorders\/eating-disorders-in-men\/","title":{"rendered":"Eating Disorders in Men"},"content":{"rendered":"<p><a href=\"https:\/\/proyectoart.com\/en\/blog\/binge-eating-disorder\/\"><strong>El trastorno por atracones<\/strong><\/a> es un <strong>trastorno alimenticio<\/strong> muy frecuente en nuestra sociedad y una categor\u00eda diagn\u00f3stica muy nueva. A diferencia de la bulimia, donde tambi\u00e9n aparecen atracones, la persona con este trastorno no los intenta compensar con conducta purgativa, aunque si, muchas veces con <strong><a href=\"https:\/\/proyectoart.com\/en\/blog\/por-que-las-dietas-no-funcionan\/\">dietas<\/a>.<\/strong><\/p>\n<p>El trastorno por atracones se basa en usar la comida para <strong>anestesiar<\/strong> algunas emociones que no sabemos gestionar de otra manera.<\/p>\n<p>Esta conducta genera mucha<strong> verg\u00fcenza<\/strong>, malestar y automachaque, que afecta negativamente nuestra <a href=\"https:\/\/proyectoart.com\/en\/blog\/where-does-low-self-esteem-come-from\/\"><strong>autoestima<\/strong><\/a> y las <strong>relaciones.<\/strong> Estos problemas tambi\u00e9n causan emociones fuertes desagradables que la persona no sabe gestionar, y de nuevo utiliza la comida para anestesiarse. Se crea un <strong>c\u00edrculo vicioso<\/strong> del cual es muy dif\u00edcil salir.<\/p>\n<p><strong>\u00bfC\u00f3mo superar el trastorno por atrac\u00f3n con terapia?<\/strong><\/p>\n<p>El trastorno por atracones esta tambi\u00e9n muy relacionado con el cuerpo y con la gesti\u00f3n emocional inadecuada, por lo cual la terapia para el trastorno por atracones es la que ayuda a mejorar la <strong>relaci\u00f3n consigo mismo, la gesti\u00f3n emocional y las relaciones.<\/strong> Igual que en el caso de otros trastornos alimenticios, en la Cl\u00ednica ART trabajamos con la <a href=\"https:\/\/proyectoart.com\/en\/blog\/what-is-mentalization\/\"><strong>Terapia Basada en Mentalizaci\u00f3n<\/strong><\/a> para tratar el trastorno por atracones. Los estudios cient\u00edficos demuestran su efectividad en los trastornos alimenticios.<\/p>\n","protected":false},"excerpt":{"rendered":"<p>El trastorno por atracones es un trastorno alimenticio muy frecuente en nuestra sociedad y una categor\u00eda diagn\u00f3stica muy nueva. A diferencia de la bulimia, donde tambi\u00e9n aparecen atracones, la persona&#8230;<\/p>\n","protected":false},"author":2,"featured_media":978,"parent":83,"menu_order":43,"comment_status":"closed","ping_status":"closed","template":"page-templates\/page-sections.php","meta":{"_acf_changed":false,"footnotes":""},"class_list":["post-21515","page","type-page","status-publish","has-post-thumbnail","hentry"],"acf":[],"yoast_head":"<!-- This site is optimized with the Yoast SEO plugin v27.2 - https:\/\/yoast.com\/product\/yoast-seo-wordpress\/ -->\n<title>Terapia trastorno por atrac\u00f3n Barcelona | Centro de psicoterapia<\/title>\n<meta name=\"description\" content=\"Nuestra terapia para el trastorno por atracones ayuda mejorar la relaci\u00f3n contigo mismo, la gesti\u00f3n emocional y las relaciones personales.\" \/>\n<meta name=\"robots\" content=\"index, follow, max-snippet:-1, max-image-preview:large, max-video-preview:-1\" \/>\n<link rel=\"canonical\" href=\"https:\/\/proyectoart.com\/en\/what-do-we-treat\/eating-disorders\/eating-disorders-in-men\/\" \/>\n<meta property=\"og:locale\" content=\"en_US\" \/>\n<meta property=\"og:type\" content=\"article\" \/>\n<meta property=\"og:title\" content=\"Terapia trastorno por atrac\u00f3n Barcelona | Centro de psicoterapia\" \/>\n<meta property=\"og:description\" content=\"Nuestra terapia para el trastorno por atracones ayuda mejorar la relaci\u00f3n contigo mismo, la gesti\u00f3n emocional y las relaciones personales.\" \/>\n<meta property=\"og:url\" content=\"https:\/\/proyectoart.com\/en\/what-do-we-treat\/eating-disorders\/eating-disorders-in-men\/\" \/>\n<meta property=\"og:site_name\" content=\"Proyecto ART\" \/>\n<meta property=\"article:modified_time\" content=\"2026-03-19T20:19:18+00:00\" \/>\n<meta property=\"og:image\" content=\"https:\/\/proyectoart.com\/wp-content\/uploads\/2020\/11\/2.3.jpg\" \/>\n\t<meta property=\"og:image:width\" content=\"1000\" \/>\n\t<meta property=\"og:image:height\" content=\"750\" \/>\n\t<meta property=\"og:image:type\" content=\"image\/jpeg\" \/>\n<meta name=\"twitter:card\" content=\"summary_large_image\" \/>\n<meta name=\"twitter:label1\" content=\"Est. reading time\" \/>\n\t<meta name=\"twitter:data1\" content=\"2 minutes\" \/>\n<script type=\"application\/ld+json\" class=\"yoast-schema-graph\">{\"@context\":\"https:\/\/schema.org\",\"@graph\":[{\"@type\":\"WebPage\",\"@id\":\"https:\/\/proyectoart.com\/en\/what-do-we-treat\/eating-disorders\/eating-disorders-in-men\/\",\"url\":\"https:\/\/proyectoart.com\/en\/what-do-we-treat\/eating-disorders\/eating-disorders-in-men\/\",\"name\":\"Terapia trastorno por atrac\u00f3n Barcelona | Centro de psicoterapia\",\"isPartOf\":{\"@id\":\"https:\/\/proyectoart.com\/#website\"},\"primaryImageOfPage\":{\"@id\":\"https:\/\/proyectoart.com\/en\/what-do-we-treat\/eating-disorders\/eating-disorders-in-men\/#primaryimage\"},\"image\":{\"@id\":\"https:\/\/proyectoart.com\/en\/what-do-we-treat\/eating-disorders\/eating-disorders-in-men\/#primaryimage\"},\"thumbnailUrl\":\"https:\/\/proyectoart.com\/wp-content\/uploads\/2020\/11\/2.3.jpg\",\"datePublished\":\"2026-03-19T20:15:13+00:00\",\"dateModified\":\"2026-03-19T20:19:18+00:00\",\"description\":\"Nuestra terapia para el trastorno por atracones ayuda mejorar la relaci\u00f3n contigo mismo, la gesti\u00f3n emocional y las relaciones personales.\",\"breadcrumb\":{\"@id\":\"https:\/\/proyectoart.com\/en\/what-do-we-treat\/eating-disorders\/eating-disorders-in-men\/#breadcrumb\"},\"inLanguage\":\"en-US\",\"potentialAction\":[{\"@type\":\"ReadAction\",\"target\":[\"https:\/\/proyectoart.com\/en\/what-do-we-treat\/eating-disorders\/eating-disorders-in-men\/\"]}]},{\"@type\":\"ImageObject\",\"inLanguage\":\"en-US\",\"@id\":\"https:\/\/proyectoart.com\/en\/what-do-we-treat\/eating-disorders\/eating-disorders-in-men\/#primaryimage\",\"url\":\"https:\/\/proyectoart.com\/wp-content\/uploads\/2020\/11\/2.3.jpg\",\"contentUrl\":\"https:\/\/proyectoart.com\/wp-content\/uploads\/2020\/11\/2.3.jpg\",\"width\":1000,\"height\":750,\"caption\":\"psicologo barcelona\"},{\"@type\":\"BreadcrumbList\",\"@id\":\"https:\/\/proyectoart.com\/en\/what-do-we-treat\/eating-disorders\/eating-disorders-in-men\/#breadcrumb\",\"itemListElement\":[{\"@type\":\"ListItem\",\"position\":1,\"name\":\"Home\",\"item\":\"https:\/\/proyectoart.com\/en\/\"},{\"@type\":\"ListItem\",\"position\":2,\"name\":\"What we treat\",\"item\":\"https:\/\/proyectoart.com\/en\/what-do-we-treat\/\"},{\"@type\":\"ListItem\",\"position\":3,\"name\":\"Eating Disorders\",\"item\":\"https:\/\/proyectoart.com\/en\/what-do-we-treat\/eating-disorders\/\"},{\"@type\":\"ListItem\",\"position\":4,\"name\":\"Eating Disorders in Men\"}]},{\"@type\":\"WebSite\",\"@id\":\"https:\/\/proyectoart.com\/#website\",\"url\":\"https:\/\/proyectoart.com\/\",\"name\":\"Proyecto ART\",\"description\":\"Self-Esteem, Relationships, Eating Disorders\",\"publisher\":{\"@id\":\"https:\/\/proyectoart.com\/#organization\"},\"potentialAction\":[{\"@type\":\"SearchAction\",\"target\":{\"@type\":\"EntryPoint\",\"urlTemplate\":\"https:\/\/proyectoart.com\/?s={search_term_string}\"},\"query-input\":{\"@type\":\"PropertyValueSpecification\",\"valueRequired\":true,\"valueName\":\"search_term_string\"}}],\"inLanguage\":\"en-US\"},{\"@type\":\"Organization\",\"@id\":\"https:\/\/proyectoart.com\/#organization\",\"name\":\"Proyecto Art\",\"url\":\"https:\/\/proyectoart.com\/\",\"logo\":{\"@type\":\"ImageObject\",\"inLanguage\":\"en-US\",\"@id\":\"https:\/\/proyectoart.com\/#\/schema\/logo\/image\/\",\"url\":\"https:\/\/proyectoart.com\/wp-content\/uploads\/2020\/10\/asset-20.png\",\"contentUrl\":\"https:\/\/proyectoart.com\/wp-content\/uploads\/2020\/10\/asset-20.png\",\"width\":259,\"height\":213,\"caption\":\"Proyecto Art\"},\"image\":{\"@id\":\"https:\/\/proyectoart.com\/#\/schema\/logo\/image\/\"}}]}<\/script>\n<!-- \/ Yoast SEO plugin. -->","yoast_head_json":{"title":"Terapia trastorno por atrac\u00f3n Barcelona | Centro de psicoterapia","description":"Nuestra terapia para el trastorno por atracones ayuda mejorar la relaci\u00f3n contigo mismo, la gesti\u00f3n emocional y las relaciones personales.","robots":{"index":"index","follow":"follow","max-snippet":"max-snippet:-1","max-image-preview":"max-image-preview:large","max-video-preview":"max-video-preview:-1"},"canonical":"https:\/\/proyectoart.com\/en\/what-do-we-treat\/eating-disorders\/eating-disorders-in-men\/","og_locale":"en_US","og_type":"article","og_title":"Terapia trastorno por atrac\u00f3n Barcelona | Centro de psicoterapia","og_description":"Nuestra terapia para el trastorno por atracones ayuda mejorar la relaci\u00f3n contigo mismo, la gesti\u00f3n emocional y las relaciones personales.","og_url":"https:\/\/proyectoart.com\/en\/what-do-we-treat\/eating-disorders\/eating-disorders-in-men\/","og_site_name":"Proyecto ART","article_modified_time":"2026-03-19T20:19:18+00:00","og_image":[{"width":1000,"height":750,"url":"https:\/\/proyectoart.com\/wp-content\/uploads\/2020\/11\/2.3.jpg","type":"image\/jpeg"}],"twitter_card":"summary_large_image","twitter_misc":{"Est. reading time":"2 minutes"},"schema":{"@context":"https:\/\/schema.org","@graph":[{"@type":"WebPage","@id":"https:\/\/proyectoart.com\/en\/what-do-we-treat\/eating-disorders\/eating-disorders-in-men\/","url":"https:\/\/proyectoart.com\/en\/what-do-we-treat\/eating-disorders\/eating-disorders-in-men\/","name":"Terapia trastorno por atrac\u00f3n Barcelona | Centro de psicoterapia","isPartOf":{"@id":"https:\/\/proyectoart.com\/#website"},"primaryImageOfPage":{"@id":"https:\/\/proyectoart.com\/en\/what-do-we-treat\/eating-disorders\/eating-disorders-in-men\/#primaryimage"},"image":{"@id":"https:\/\/proyectoart.com\/en\/what-do-we-treat\/eating-disorders\/eating-disorders-in-men\/#primaryimage"},"thumbnailUrl":"https:\/\/proyectoart.com\/wp-content\/uploads\/2020\/11\/2.3.jpg","datePublished":"2026-03-19T20:15:13+00:00","dateModified":"2026-03-19T20:19:18+00:00","description":"Nuestra terapia para el trastorno por atracones ayuda mejorar la relaci\u00f3n contigo mismo, la gesti\u00f3n emocional y las relaciones personales.","breadcrumb":{"@id":"https:\/\/proyectoart.com\/en\/what-do-we-treat\/eating-disorders\/eating-disorders-in-men\/#breadcrumb"},"inLanguage":"en-US","potentialAction":[{"@type":"ReadAction","target":["https:\/\/proyectoart.com\/en\/what-do-we-treat\/eating-disorders\/eating-disorders-in-men\/"]}]},{"@type":"ImageObject","inLanguage":"en-US","@id":"https:\/\/proyectoart.com\/en\/what-do-we-treat\/eating-disorders\/eating-disorders-in-men\/#primaryimage","url":"https:\/\/proyectoart.com\/wp-content\/uploads\/2020\/11\/2.3.jpg","contentUrl":"https:\/\/proyectoart.com\/wp-content\/uploads\/2020\/11\/2.3.jpg","width":1000,"height":750,"caption":"psicologo barcelona"},{"@type":"BreadcrumbList","@id":"https:\/\/proyectoart.com\/en\/what-do-we-treat\/eating-disorders\/eating-disorders-in-men\/#breadcrumb","itemListElement":[{"@type":"ListItem","position":1,"name":"Home","item":"https:\/\/proyectoart.com\/en\/"},{"@type":"ListItem","position":2,"name":"What we treat","item":"https:\/\/proyectoart.com\/en\/what-do-we-treat\/"},{"@type":"ListItem","position":3,"name":"Eating Disorders","item":"https:\/\/proyectoart.com\/en\/what-do-we-treat\/eating-disorders\/"},{"@type":"ListItem","position":4,"name":"Eating Disorders in Men"}]},{"@type":"WebSite","@id":"https:\/\/proyectoart.com\/#website","url":"https:\/\/proyectoart.com\/","name":"Proyecto ART","description":"Self-Esteem, Relationships, Eating Disorders","publisher":{"@id":"https:\/\/proyectoart.com\/#organization"},"potentialAction":[{"@type":"SearchAction","target":{"@type":"EntryPoint","urlTemplate":"https:\/\/proyectoart.com\/?s={search_term_string}"},"query-input":{"@type":"PropertyValueSpecification","valueRequired":true,"valueName":"search_term_string"}}],"inLanguage":"en-US"},{"@type":"Organization","@id":"https:\/\/proyectoart.com\/#organization","name":"Proyecto Art","url":"https:\/\/proyectoart.com\/","logo":{"@type":"ImageObject","inLanguage":"en-US","@id":"https:\/\/proyectoart.com\/#\/schema\/logo\/image\/","url":"https:\/\/proyectoart.com\/wp-content\/uploads\/2020\/10\/asset-20.png","contentUrl":"https:\/\/proyectoart.com\/wp-content\/uploads\/2020\/10\/asset-20.png","width":259,"height":213,"caption":"Proyecto Art"},"image":{"@id":"https:\/\/proyectoart.com\/#\/schema\/logo\/image\/"}}]}},"_links":{"self":[{"href":"https:\/\/proyectoart.com\/en\/wp-json\/wp\/v2\/pages\/21515","targetHints":{"allow":["GET"]}}],"collection":[{"href":"https:\/\/proyectoart.com\/en\/wp-json\/wp\/v2\/pages"}],"about":[{"href":"https:\/\/proyectoart.com\/en\/wp-json\/wp\/v2\/types\/page"}],"author":[{"embeddable":true,"href":"https:\/\/proyectoart.com\/en\/wp-json\/wp\/v2\/users\/2"}],"replies":[{"embeddable":true,"href":"https:\/\/proyectoart.com\/en\/wp-json\/wp\/v2\/comments?post=21515"}],"version-history":[{"count":4,"href":"https:\/\/proyectoart.com\/en\/wp-json\/wp\/v2\/pages\/21515\/revisions"}],"predecessor-version":[{"id":21523,"href":"https:\/\/proyectoart.com\/en\/wp-json\/wp\/v2\/pages\/21515\/revisions\/21523"}],"up":[{"embeddable":true,"href":"https:\/\/proyectoart.com\/en\/wp-json\/wp\/v2\/pages\/83"}],"wp:featuredmedia":[{"embeddable":true,"href":"https:\/\/proyectoart.com\/en\/wp-json\/wp\/v2\/media\/978"}],"wp:attachment":[{"href":"https:\/\/proyectoart.com\/en\/wp-json\/wp\/v2\/media?parent=21515"}],"curies":[{"name":"wp","href":"https:\/\/api.w.org\/{rel}","templated":true}]}}