{"id":7951,"date":"2024-07-12T00:20:32","date_gmt":"2024-07-11T22:20:32","guid":{"rendered":"https:\/\/proyectoart.com\/?page_id=7951"},"modified":"2025-10-27T13:13:07","modified_gmt":"2025-10-27T12:13:07","slug":"day-treatment-me-and-my-body","status":"publish","type":"page","link":"https:\/\/proyectoart.com\/en\/day-treatment-me-and-my-body\/","title":{"rendered":"Me and My Body Program"},"content":{"rendered":"","protected":false},"excerpt":{"rendered":"","protected":false},"author":2,"featured_media":0,"parent":0,"menu_order":157,"comment_status":"closed","ping_status":"closed","template":"page-templates\/page-sections.php","meta":{"_acf_changed":false,"footnotes":""},"class_list":["post-7951","page","type-page","status-publish","hentry"],"acf":[],"yoast_head":"<!-- This site is optimized with the Yoast SEO plugin v27.2 - https:\/\/yoast.com\/product\/yoast-seo-wordpress\/ -->\n<title>Me and My Body Program | Proyecto ART<\/title>\n<meta name=\"description\" content=\"Descubre cu\u00e1l es nuestro m\u00e9todo terap\u00e9utico y c\u00f3mo nos basamos exclusivamente en puntos de partida ampliamente respaldados cient\u00edficamente.\" \/>\n<meta name=\"robots\" content=\"index, follow, max-snippet:-1, max-image-preview:large, max-video-preview:-1\" \/>\n<link rel=\"canonical\" href=\"https:\/\/proyectoart.com\/en\/day-treatment-me-and-my-body\/\" \/>\n<meta property=\"og:locale\" content=\"en_US\" \/>\n<meta property=\"og:type\" content=\"article\" \/>\n<meta property=\"og:title\" content=\"Me and My Body Program | Proyecto ART\" \/>\n<meta property=\"og:description\" content=\"Descubre cu\u00e1l es nuestro m\u00e9todo terap\u00e9utico y c\u00f3mo nos basamos exclusivamente en puntos de partida ampliamente respaldados cient\u00edficamente.\" \/>\n<meta property=\"og:url\" content=\"https:\/\/proyectoart.com\/en\/day-treatment-me-and-my-body\/\" \/>\n<meta property=\"og:site_name\" content=\"Proyecto ART\" \/>\n<meta property=\"article:modified_time\" content=\"2025-10-27T12:13:07+00:00\" \/>\n<meta name=\"twitter:card\" content=\"summary_large_image\" \/>\n<script type=\"application\/ld+json\" class=\"yoast-schema-graph\">{\"@context\":\"https:\/\/schema.org\",\"@graph\":[{\"@type\":\"WebPage\",\"@id\":\"https:\/\/proyectoart.com\/en\/day-treatment-me-and-my-body\/\",\"url\":\"https:\/\/proyectoart.com\/en\/day-treatment-me-and-my-body\/\",\"name\":\"Me and My Body Program | Proyecto ART\",\"isPartOf\":{\"@id\":\"https:\/\/proyectoart.com\/#website\"},\"datePublished\":\"2024-07-11T22:20:32+00:00\",\"dateModified\":\"2025-10-27T12:13:07+00:00\",\"description\":\"Descubre cu\u00e1l es nuestro m\u00e9todo terap\u00e9utico y c\u00f3mo nos basamos exclusivamente en puntos de partida ampliamente respaldados cient\u00edficamente.\",\"breadcrumb\":{\"@id\":\"https:\/\/proyectoart.com\/en\/day-treatment-me-and-my-body\/#breadcrumb\"},\"inLanguage\":\"en-US\",\"potentialAction\":[{\"@type\":\"ReadAction\",\"target\":[\"https:\/\/proyectoart.com\/en\/day-treatment-me-and-my-body\/\"]}]},{\"@type\":\"BreadcrumbList\",\"@id\":\"https:\/\/proyectoart.com\/en\/day-treatment-me-and-my-body\/#breadcrumb\",\"itemListElement\":[{\"@type\":\"ListItem\",\"position\":1,\"name\":\"Home\",\"item\":\"https:\/\/proyectoart.com\/en\/\"},{\"@type\":\"ListItem\",\"position\":2,\"name\":\"Me and My Body Program\"}]},{\"@type\":\"WebSite\",\"@id\":\"https:\/\/proyectoart.com\/#website\",\"url\":\"https:\/\/proyectoart.com\/\",\"name\":\"Proyecto ART\",\"description\":\"Self-Esteem, Relationships, Eating Disorders\",\"publisher\":{\"@id\":\"https:\/\/proyectoart.com\/#organization\"},\"potentialAction\":[{\"@type\":\"SearchAction\",\"target\":{\"@type\":\"EntryPoint\",\"urlTemplate\":\"https:\/\/proyectoart.com\/?s={search_term_string}\"},\"query-input\":{\"@type\":\"PropertyValueSpecification\",\"valueRequired\":true,\"valueName\":\"search_term_string\"}}],\"inLanguage\":\"en-US\"},{\"@type\":\"Organization\",\"@id\":\"https:\/\/proyectoart.com\/#organization\",\"name\":\"Proyecto Art\",\"url\":\"https:\/\/proyectoart.com\/\",\"logo\":{\"@type\":\"ImageObject\",\"inLanguage\":\"en-US\",\"@id\":\"https:\/\/proyectoart.com\/#\/schema\/logo\/image\/\",\"url\":\"https:\/\/proyectoart.com\/wp-content\/uploads\/2020\/10\/asset-20.png\",\"contentUrl\":\"https:\/\/proyectoart.com\/wp-content\/uploads\/2020\/10\/asset-20.png\",\"width\":259,\"height\":213,\"caption\":\"Proyecto Art\"},\"image\":{\"@id\":\"https:\/\/proyectoart.com\/#\/schema\/logo\/image\/\"}}]}<\/script>\n<!-- \/ Yoast SEO plugin. -->","yoast_head_json":{"title":"Me and My Body Program | Proyecto ART","description":"Descubre cu\u00e1l es nuestro m\u00e9todo terap\u00e9utico y c\u00f3mo nos basamos exclusivamente en puntos de partida ampliamente respaldados cient\u00edficamente.","robots":{"index":"index","follow":"follow","max-snippet":"max-snippet:-1","max-image-preview":"max-image-preview:large","max-video-preview":"max-video-preview:-1"},"canonical":"https:\/\/proyectoart.com\/en\/day-treatment-me-and-my-body\/","og_locale":"en_US","og_type":"article","og_title":"Me and My Body Program | Proyecto ART","og_description":"Descubre cu\u00e1l es nuestro m\u00e9todo terap\u00e9utico y c\u00f3mo nos basamos exclusivamente en puntos de partida ampliamente respaldados cient\u00edficamente.","og_url":"https:\/\/proyectoart.com\/en\/day-treatment-me-and-my-body\/","og_site_name":"Proyecto ART","article_modified_time":"2025-10-27T12:13:07+00:00","twitter_card":"summary_large_image","schema":{"@context":"https:\/\/schema.org","@graph":[{"@type":"WebPage","@id":"https:\/\/proyectoart.com\/en\/day-treatment-me-and-my-body\/","url":"https:\/\/proyectoart.com\/en\/day-treatment-me-and-my-body\/","name":"Me and My Body Program | Proyecto ART","isPartOf":{"@id":"https:\/\/proyectoart.com\/#website"},"datePublished":"2024-07-11T22:20:32+00:00","dateModified":"2025-10-27T12:13:07+00:00","description":"Descubre cu\u00e1l es nuestro m\u00e9todo terap\u00e9utico y c\u00f3mo nos basamos exclusivamente en puntos de partida ampliamente respaldados cient\u00edficamente.","breadcrumb":{"@id":"https:\/\/proyectoart.com\/en\/day-treatment-me-and-my-body\/#breadcrumb"},"inLanguage":"en-US","potentialAction":[{"@type":"ReadAction","target":["https:\/\/proyectoart.com\/en\/day-treatment-me-and-my-body\/"]}]},{"@type":"BreadcrumbList","@id":"https:\/\/proyectoart.com\/en\/day-treatment-me-and-my-body\/#breadcrumb","itemListElement":[{"@type":"ListItem","position":1,"name":"Home","item":"https:\/\/proyectoart.com\/en\/"},{"@type":"ListItem","position":2,"name":"Me and My Body Program"}]},{"@type":"WebSite","@id":"https:\/\/proyectoart.com\/#website","url":"https:\/\/proyectoart.com\/","name":"Proyecto ART","description":"Self-Esteem, Relationships, Eating Disorders","publisher":{"@id":"https:\/\/proyectoart.com\/#organization"},"potentialAction":[{"@type":"SearchAction","target":{"@type":"EntryPoint","urlTemplate":"https:\/\/proyectoart.com\/?s={search_term_string}"},"query-input":{"@type":"PropertyValueSpecification","valueRequired":true,"valueName":"search_term_string"}}],"inLanguage":"en-US"},{"@type":"Organization","@id":"https:\/\/proyectoart.com\/#organization","name":"Proyecto Art","url":"https:\/\/proyectoart.com\/","logo":{"@type":"ImageObject","inLanguage":"en-US","@id":"https:\/\/proyectoart.com\/#\/schema\/logo\/image\/","url":"https:\/\/proyectoart.com\/wp-content\/uploads\/2020\/10\/asset-20.png","contentUrl":"https:\/\/proyectoart.com\/wp-content\/uploads\/2020\/10\/asset-20.png","width":259,"height":213,"caption":"Proyecto Art"},"image":{"@id":"https:\/\/proyectoart.com\/#\/schema\/logo\/image\/"}}]}},"_links":{"self":[{"href":"https:\/\/proyectoart.com\/en\/wp-json\/wp\/v2\/pages\/7951","targetHints":{"allow":["GET"]}}],"collection":[{"href":"https:\/\/proyectoart.com\/en\/wp-json\/wp\/v2\/pages"}],"about":[{"href":"https:\/\/proyectoart.com\/en\/wp-json\/wp\/v2\/types\/page"}],"author":[{"embeddable":true,"href":"https:\/\/proyectoart.com\/en\/wp-json\/wp\/v2\/users\/2"}],"replies":[{"embeddable":true,"href":"https:\/\/proyectoart.com\/en\/wp-json\/wp\/v2\/comments?post=7951"}],"version-history":[{"count":26,"href":"https:\/\/proyectoart.com\/en\/wp-json\/wp\/v2\/pages\/7951\/revisions"}],"predecessor-version":[{"id":9453,"href":"https:\/\/proyectoart.com\/en\/wp-json\/wp\/v2\/pages\/7951\/revisions\/9453"}],"wp:attachment":[{"href":"https:\/\/proyectoart.com\/en\/wp-json\/wp\/v2\/media?parent=7951"}],"curies":[{"name":"wp","href":"https:\/\/api.w.org\/{rel}","templated":true}]}}